{"id":994,"date":"2020-04-03T10:13:11","date_gmt":"2020-04-03T10:13:11","guid":{"rendered":"https:\/\/lanasurbano.com\/?product=surena-color-323-verde"},"modified":"2022-04-13T08:30:33","modified_gmt":"2022-04-13T08:30:33","slug":"surena-color-323-verde","status":"publish","type":"product","link":"https:\/\/lanasurbano.com\/?product=surena-color-323-verde","title":{"rendered":"Sure\u00f1a &#8211; Color 323 (Verde)"},"content":{"rendered":"<p><strong>Algod\u00f3n Sure\u00f1a Color 323 (Verde)<\/strong><\/p>\n<p>Composici\u00f3n: 100% Algod\u00f3n reciclado.<br \/>\nPeso: 100 Grs.<br \/>\nMedidas: 155 metros  170 yds.<br \/>\nAgujas a utilizar: 4 &#8211; 5.<br \/>\nPosibilidad de trabajarlo con agujas de ganchillo de 4,5<\/p>\n","protected":false},"excerpt":{"rendered":"<p>Sure\u00f1a &#8211; Color 323 (Verde)<\/p>\n","protected":false},"featured_media":695,"comment_status":"open","ping_status":"open","template":"","meta":[],"product_brand":[],"product_cat":[56],"product_tag":[57],"class_list":{"0":"post-994","1":"product","2":"type-product","3":"status-publish","6":"product_cat-hilo-surena","7":"product_tag-100-grs-algodon-reciclado-hilo-algodoncalidadeconomico-surena","9":"first","10":"instock","11":"taxable","12":"shipping-taxable","13":"purchasable","14":"product-type-simple"},"_links":{"self":[{"href":"https:\/\/lanasurbano.com\/index.php?rest_route=\/wp\/v2\/product\/994","targetHints":{"allow":["GET"]}}],"collection":[{"href":"https:\/\/lanasurbano.com\/index.php?rest_route=\/wp\/v2\/product"}],"about":[{"href":"https:\/\/lanasurbano.com\/index.php?rest_route=\/wp\/v2\/types\/product"}],"replies":[{"embeddable":true,"href":"https:\/\/lanasurbano.com\/index.php?rest_route=%2Fwp%2Fv2%2Fcomments&post=994"}],"version-history":[{"count":1,"href":"https:\/\/lanasurbano.com\/index.php?rest_route=\/wp\/v2\/product\/994\/revisions"}],"predecessor-version":[{"id":7608,"href":"https:\/\/lanasurbano.com\/index.php?rest_route=\/wp\/v2\/product\/994\/revisions\/7608"}],"wp:featuredmedia":[{"embeddable":true,"href":"https:\/\/lanasurbano.com\/index.php?rest_route=\/wp\/v2\/media\/695"}],"wp:attachment":[{"href":"https:\/\/lanasurbano.com\/index.php?rest_route=%2Fwp%2Fv2%2Fmedia&parent=994"}],"wp:term":[{"taxonomy":"product_brand","embeddable":true,"href":"https:\/\/lanasurbano.com\/index.php?rest_route=%2Fwp%2Fv2%2Fproduct_brand&post=994"},{"taxonomy":"product_cat","embeddable":true,"href":"https:\/\/lanasurbano.com\/index.php?rest_route=%2Fwp%2Fv2%2Fproduct_cat&post=994"},{"taxonomy":"product_tag","embeddable":true,"href":"https:\/\/lanasurbano.com\/index.php?rest_route=%2Fwp%2Fv2%2Fproduct_tag&post=994"}],"curies":[{"name":"wp","href":"https:\/\/api.w.org\/{rel}","templated":true}]}}