{"id":9794,"date":"2025-05-28T10:31:47","date_gmt":"2025-05-28T10:31:47","guid":{"rendered":"https:\/\/lanasurbano.com\/?product=lana-africa-color-899-marron"},"modified":"2025-05-28T10:39:52","modified_gmt":"2025-05-28T10:39:52","slug":"lana-africa-color-899-marron","status":"publish","type":"product","link":"https:\/\/lanasurbano.com\/?product=lana-africa-color-899-marron","title":{"rendered":"Lana \u00c1frica &#8211; Color 899 (Marr\u00f3n)"},"content":{"rendered":"<p><strong>Lana \u00c1frica &#8211; Color 899 (Marr\u00f3n)<\/strong><\/p>\n<p>Composici\u00f3n: 80% Acr\u00edlico &#8211; 20% Lana<br \/>\nPeso: 100 Grs.<br \/>\nMedidas: 550 metros. 601 yds.<br \/>\nAgujas a utilizar: N\u00ba 2 \u00bd &#8211; 6<br \/>\nCrochet o ganchillo a usar: N\u00ba 2 \u00bd &#8211; 5<\/p>\n","protected":false},"excerpt":{"rendered":"<p>Lana \u00c1frica &#8211; Color 899 (Marr\u00f3n)<\/p>\n","protected":false},"featured_media":9736,"comment_status":"closed","ping_status":"open","template":"","meta":[],"product_brand":[],"product_cat":[1339],"product_tag":[1340],"class_list":{"0":"post-9794","1":"product","2":"type-product","3":"status-publish","6":"product_cat-lana-africa","7":"product_tag-100-grs-lana-acrilico-lana-suave-lana-crochet-lana-punto-crochet-punto-lana-fina","9":"first","10":"instock","11":"taxable","12":"shipping-taxable","13":"purchasable","14":"product-type-simple"},"_links":{"self":[{"href":"https:\/\/lanasurbano.com\/index.php?rest_route=\/wp\/v2\/product\/9794","targetHints":{"allow":["GET"]}}],"collection":[{"href":"https:\/\/lanasurbano.com\/index.php?rest_route=\/wp\/v2\/product"}],"about":[{"href":"https:\/\/lanasurbano.com\/index.php?rest_route=\/wp\/v2\/types\/product"}],"replies":[{"embeddable":true,"href":"https:\/\/lanasurbano.com\/index.php?rest_route=%2Fwp%2Fv2%2Fcomments&post=9794"}],"version-history":[{"count":1,"href":"https:\/\/lanasurbano.com\/index.php?rest_route=\/wp\/v2\/product\/9794\/revisions"}],"predecessor-version":[{"id":9795,"href":"https:\/\/lanasurbano.com\/index.php?rest_route=\/wp\/v2\/product\/9794\/revisions\/9795"}],"wp:featuredmedia":[{"embeddable":true,"href":"https:\/\/lanasurbano.com\/index.php?rest_route=\/wp\/v2\/media\/9736"}],"wp:attachment":[{"href":"https:\/\/lanasurbano.com\/index.php?rest_route=%2Fwp%2Fv2%2Fmedia&parent=9794"}],"wp:term":[{"taxonomy":"product_brand","embeddable":true,"href":"https:\/\/lanasurbano.com\/index.php?rest_route=%2Fwp%2Fv2%2Fproduct_brand&post=9794"},{"taxonomy":"product_cat","embeddable":true,"href":"https:\/\/lanasurbano.com\/index.php?rest_route=%2Fwp%2Fv2%2Fproduct_cat&post=9794"},{"taxonomy":"product_tag","embeddable":true,"href":"https:\/\/lanasurbano.com\/index.php?rest_route=%2Fwp%2Fv2%2Fproduct_tag&post=9794"}],"curies":[{"name":"wp","href":"https:\/\/api.w.org\/{rel}","templated":true}]}}