{"id":964,"date":"2020-04-03T10:13:07","date_gmt":"2020-04-03T10:13:07","guid":{"rendered":"https:\/\/lanasurbano.com\/?product=surena-color-308-rojo"},"modified":"2022-04-13T08:29:09","modified_gmt":"2022-04-13T08:29:09","slug":"surena-color-308-rojo","status":"publish","type":"product","link":"https:\/\/lanasurbano.com\/?product=surena-color-308-rojo","title":{"rendered":"Sure\u00f1a &#8211; Color 308 (Rojo)"},"content":{"rendered":"<p><strong>Algod\u00f3n Sure\u00f1a Color 308 (Rojo)<\/strong><\/p>\n<p>Composici\u00f3n: 100% Algod\u00f3n reciclado.<br \/>\nPeso: 100 Grs.<br \/>\nMedidas: 155 metros 170 yds.<br \/>\nAgujas a utilizar: 4 &#8211; 5.<br \/>\nPosibilidad de trabajarlo con agujas de ganchillo de 4,5<\/p>\n","protected":false},"excerpt":{"rendered":"<p>Sure\u00f1a &#8211; Color 308 (Rojo)<\/p>\n","protected":false},"featured_media":679,"comment_status":"closed","ping_status":"closed","template":"","meta":[],"product_brand":[],"product_cat":[56],"product_tag":[37,77,557,78,79,76,558],"class_list":{"0":"post-964","1":"product","2":"type-product","3":"status-publish","6":"product_cat-hilo-surena","7":"product_tag-100-grs","8":"product_tag-algodon","9":"product_tag-algodon-reciclado","10":"product_tag-calidad","11":"product_tag-economico","12":"product_tag-hilo","13":"product_tag-surena","15":"first","16":"instock","17":"taxable","18":"shipping-taxable","19":"purchasable","20":"product-type-simple"},"_links":{"self":[{"href":"https:\/\/lanasurbano.com\/index.php?rest_route=\/wp\/v2\/product\/964","targetHints":{"allow":["GET"]}}],"collection":[{"href":"https:\/\/lanasurbano.com\/index.php?rest_route=\/wp\/v2\/product"}],"about":[{"href":"https:\/\/lanasurbano.com\/index.php?rest_route=\/wp\/v2\/types\/product"}],"replies":[{"embeddable":true,"href":"https:\/\/lanasurbano.com\/index.php?rest_route=%2Fwp%2Fv2%2Fcomments&post=964"}],"version-history":[{"count":1,"href":"https:\/\/lanasurbano.com\/index.php?rest_route=\/wp\/v2\/product\/964\/revisions"}],"predecessor-version":[{"id":7593,"href":"https:\/\/lanasurbano.com\/index.php?rest_route=\/wp\/v2\/product\/964\/revisions\/7593"}],"wp:featuredmedia":[{"embeddable":true,"href":"https:\/\/lanasurbano.com\/index.php?rest_route=\/wp\/v2\/media\/679"}],"wp:attachment":[{"href":"https:\/\/lanasurbano.com\/index.php?rest_route=%2Fwp%2Fv2%2Fmedia&parent=964"}],"wp:term":[{"taxonomy":"product_brand","embeddable":true,"href":"https:\/\/lanasurbano.com\/index.php?rest_route=%2Fwp%2Fv2%2Fproduct_brand&post=964"},{"taxonomy":"product_cat","embeddable":true,"href":"https:\/\/lanasurbano.com\/index.php?rest_route=%2Fwp%2Fv2%2Fproduct_cat&post=964"},{"taxonomy":"product_tag","embeddable":true,"href":"https:\/\/lanasurbano.com\/index.php?rest_route=%2Fwp%2Fv2%2Fproduct_tag&post=964"}],"curies":[{"name":"wp","href":"https:\/\/api.w.org\/{rel}","templated":true}]}}