{"id":6717,"date":"2021-07-09T10:42:08","date_gmt":"2021-07-09T10:42:08","guid":{"rendered":"https:\/\/lanasurbano.com\/?product=arlequin-colo-664-oxido-ab37-304-305"},"modified":"2021-07-09T10:42:10","modified_gmt":"2021-07-09T10:42:10","slug":"arlequin-colo-664-oxido-ab37-304-305","status":"publish","type":"product","link":"https:\/\/lanasurbano.com\/?product=arlequin-colo-664-oxido-ab37-304-305","title":{"rendered":"Arlequ\u00edn &#8211; Colo 664 (\u00d3xido)  AB37-304-305"},"content":{"rendered":"<p><strong>Arlequ\u00edn &#8211; Colo 664 (\u00d3xido) AB37-304-305<\/strong><\/p>\n<p>Composici\u00f3n:  100% Acr\u00edlico<br \/>\nPeso: 100 Grs.<br \/>\nMedidas: 115 metros.<br \/>\nAgujas a utilizar: \u00a0N\u00ba\u00a0 7 &#8211; 8 de punto<\/p>\n","protected":false},"excerpt":{"rendered":"<p>Arlequ\u00edn &#8211; Color 664<\/p>\n","protected":false},"featured_media":6694,"comment_status":"closed","ping_status":"open","template":"","meta":[],"product_brand":[],"product_cat":[1226],"product_tag":[1237],"class_list":{"0":"post-6717","1":"product","2":"type-product","3":"status-publish","6":"product_cat-arlequin","7":"product_tag-100-grs-acrilico-valeria-di-roma-valeria-lanas-invierno-otono-bufanda-prendas-otono-prendas-invierno-prendas-arlequin-664","9":"first","10":"instock","11":"taxable","12":"shipping-taxable","13":"purchasable","14":"product-type-simple"},"_links":{"self":[{"href":"https:\/\/lanasurbano.com\/index.php?rest_route=\/wp\/v2\/product\/6717","targetHints":{"allow":["GET"]}}],"collection":[{"href":"https:\/\/lanasurbano.com\/index.php?rest_route=\/wp\/v2\/product"}],"about":[{"href":"https:\/\/lanasurbano.com\/index.php?rest_route=\/wp\/v2\/types\/product"}],"replies":[{"embeddable":true,"href":"https:\/\/lanasurbano.com\/index.php?rest_route=%2Fwp%2Fv2%2Fcomments&post=6717"}],"version-history":[{"count":1,"href":"https:\/\/lanasurbano.com\/index.php?rest_route=\/wp\/v2\/product\/6717\/revisions"}],"predecessor-version":[{"id":6718,"href":"https:\/\/lanasurbano.com\/index.php?rest_route=\/wp\/v2\/product\/6717\/revisions\/6718"}],"wp:featuredmedia":[{"embeddable":true,"href":"https:\/\/lanasurbano.com\/index.php?rest_route=\/wp\/v2\/media\/6694"}],"wp:attachment":[{"href":"https:\/\/lanasurbano.com\/index.php?rest_route=%2Fwp%2Fv2%2Fmedia&parent=6717"}],"wp:term":[{"taxonomy":"product_brand","embeddable":true,"href":"https:\/\/lanasurbano.com\/index.php?rest_route=%2Fwp%2Fv2%2Fproduct_brand&post=6717"},{"taxonomy":"product_cat","embeddable":true,"href":"https:\/\/lanasurbano.com\/index.php?rest_route=%2Fwp%2Fv2%2Fproduct_cat&post=6717"},{"taxonomy":"product_tag","embeddable":true,"href":"https:\/\/lanasurbano.com\/index.php?rest_route=%2Fwp%2Fv2%2Fproduct_tag&post=6717"}],"curies":[{"name":"wp","href":"https:\/\/api.w.org\/{rel}","templated":true}]}}