{"id":3385,"date":"2020-05-05T11:54:22","date_gmt":"2020-05-05T11:54:22","guid":{"rendered":"https:\/\/lanasurbano.com\/?product=eco-luna-color-905-verde-azul-lila-c18-13"},"modified":"2025-04-07T22:42:37","modified_gmt":"2025-04-07T22:42:37","slug":"eco-luna-color-905-verde-azul-lila-c18-13","status":"publish","type":"product","link":"https:\/\/lanasurbano.com\/?product=eco-luna-color-905-verde-azul-lila-c18-13","title":{"rendered":"Eco Luna &#8211; Color 905 (Verde-Azul-Lila) C18-13"},"content":{"rendered":"<p><strong>Eco Luna &#8211; Color 905 (Verde-Azul-Lila)<\/strong><\/p>\n<p>Composici\u00f3n: 45% algod\u00f3n &#8211; 55% acr\u00edlico.<br \/>\nPeso: 50 Grs.<br \/>\nMedidas: 130 metros.<br \/>\nAgujas a utilizar: \u00a0N\u00ba\u00a0 3,5-4,5 de punto<\/p>\n","protected":false},"excerpt":{"rendered":"<p>Eco Luna &#8211; Color 905 (Verde-Azul-Lila)<\/p>\n","protected":false},"featured_media":2786,"comment_status":"closed","ping_status":"open","template":"","meta":[],"product_brand":[],"product_cat":[443],"product_tag":[469],"class_list":{"0":"post-3385","1":"product","2":"type-product","3":"status-publish","6":"product_cat-eco-luna","7":"product_tag-50-grs-algodon-acrilico-valeria-di-roma-eco-luna-905-cotton-suave-antialergico-mate-amigurumis-complementos-vernano-hilo-fresco","9":"first","10":"outofstock","11":"taxable","12":"shipping-taxable","13":"purchasable","14":"product-type-simple"},"_links":{"self":[{"href":"https:\/\/lanasurbano.com\/index.php?rest_route=\/wp\/v2\/product\/3385","targetHints":{"allow":["GET"]}}],"collection":[{"href":"https:\/\/lanasurbano.com\/index.php?rest_route=\/wp\/v2\/product"}],"about":[{"href":"https:\/\/lanasurbano.com\/index.php?rest_route=\/wp\/v2\/types\/product"}],"replies":[{"embeddable":true,"href":"https:\/\/lanasurbano.com\/index.php?rest_route=%2Fwp%2Fv2%2Fcomments&post=3385"}],"version-history":[{"count":0,"href":"https:\/\/lanasurbano.com\/index.php?rest_route=\/wp\/v2\/product\/3385\/revisions"}],"wp:featuredmedia":[{"embeddable":true,"href":"https:\/\/lanasurbano.com\/index.php?rest_route=\/wp\/v2\/media\/2786"}],"wp:attachment":[{"href":"https:\/\/lanasurbano.com\/index.php?rest_route=%2Fwp%2Fv2%2Fmedia&parent=3385"}],"wp:term":[{"taxonomy":"product_brand","embeddable":true,"href":"https:\/\/lanasurbano.com\/index.php?rest_route=%2Fwp%2Fv2%2Fproduct_brand&post=3385"},{"taxonomy":"product_cat","embeddable":true,"href":"https:\/\/lanasurbano.com\/index.php?rest_route=%2Fwp%2Fv2%2Fproduct_cat&post=3385"},{"taxonomy":"product_tag","embeddable":true,"href":"https:\/\/lanasurbano.com\/index.php?rest_route=%2Fwp%2Fv2%2Fproduct_tag&post=3385"}],"curies":[{"name":"wp","href":"https:\/\/api.w.org\/{rel}","templated":true}]}}