{"id":3361,"date":"2020-05-05T11:54:18","date_gmt":"2020-05-05T11:54:18","guid":{"rendered":"https:\/\/lanasurbano.com\/?product=eco-luna-color-054-esmeralda-c18-13"},"modified":"2022-02-14T11:35:05","modified_gmt":"2022-02-14T11:35:05","slug":"eco-luna-color-054-esmeralda-c18-13","status":"publish","type":"product","link":"https:\/\/lanasurbano.com\/?product=eco-luna-color-054-esmeralda-c18-13","title":{"rendered":"Eco Luna &#8211; Color 054 (Esmeralda) C18-13"},"content":{"rendered":"<p><strong>Eco Luna &#8211; Color 054 (Esmeralda)<\/strong><\/p>\n<p>Composici\u00f3n: 45% algod\u00f3n &#8211; 55% acr\u00edlico.<br \/>\nPeso: 50 Grs.<br \/>\nMedidas: 130 metros.<br \/>\nAgujas a utilizar: \u00a0N\u00ba\u00a0 3,5-4,5 de punto<\/p>\n","protected":false},"excerpt":{"rendered":"<p>Eco Luna &#8211; Color 054 (Esmeralda)<\/p>\n","protected":false},"featured_media":2773,"comment_status":"closed","ping_status":"closed","template":"","meta":[],"product_brand":[],"product_cat":[443],"product_tag":[231,40,77,774,290,775,289,1246,285,773,253,287,776],"class_list":{"0":"post-3361","1":"product","2":"type-product","3":"status-publish","6":"product_cat-eco-luna","7":"product_tag-50-grs","8":"product_tag-acrilico","9":"product_tag-algodon","10":"product_tag-amigurumis","11":"product_tag-antialergico","12":"product_tag-complementos","13":"product_tag-cotton","14":"product_tag-eco-luna-054","15":"product_tag-hilo-fresco","16":"product_tag-mate","17":"product_tag-suave","18":"product_tag-valeria-di-roma","19":"product_tag-vernano","21":"first","22":"outofstock","23":"taxable","24":"shipping-taxable","25":"purchasable","26":"product-type-simple"},"_links":{"self":[{"href":"https:\/\/lanasurbano.com\/index.php?rest_route=\/wp\/v2\/product\/3361","targetHints":{"allow":["GET"]}}],"collection":[{"href":"https:\/\/lanasurbano.com\/index.php?rest_route=\/wp\/v2\/product"}],"about":[{"href":"https:\/\/lanasurbano.com\/index.php?rest_route=\/wp\/v2\/types\/product"}],"replies":[{"embeddable":true,"href":"https:\/\/lanasurbano.com\/index.php?rest_route=%2Fwp%2Fv2%2Fcomments&post=3361"}],"version-history":[{"count":1,"href":"https:\/\/lanasurbano.com\/index.php?rest_route=\/wp\/v2\/product\/3361\/revisions"}],"predecessor-version":[{"id":6913,"href":"https:\/\/lanasurbano.com\/index.php?rest_route=\/wp\/v2\/product\/3361\/revisions\/6913"}],"wp:featuredmedia":[{"embeddable":true,"href":"https:\/\/lanasurbano.com\/index.php?rest_route=\/wp\/v2\/media\/2773"}],"wp:attachment":[{"href":"https:\/\/lanasurbano.com\/index.php?rest_route=%2Fwp%2Fv2%2Fmedia&parent=3361"}],"wp:term":[{"taxonomy":"product_brand","embeddable":true,"href":"https:\/\/lanasurbano.com\/index.php?rest_route=%2Fwp%2Fv2%2Fproduct_brand&post=3361"},{"taxonomy":"product_cat","embeddable":true,"href":"https:\/\/lanasurbano.com\/index.php?rest_route=%2Fwp%2Fv2%2Fproduct_cat&post=3361"},{"taxonomy":"product_tag","embeddable":true,"href":"https:\/\/lanasurbano.com\/index.php?rest_route=%2Fwp%2Fv2%2Fproduct_tag&post=3361"}],"curies":[{"name":"wp","href":"https:\/\/api.w.org\/{rel}","templated":true}]}}