{"id":2440,"date":"2020-04-27T14:05:08","date_gmt":"2020-04-27T14:05:08","guid":{"rendered":"https:\/\/lanasurbano.com\/?product=cotton-soft-color-005-lino-c19-07"},"modified":"2024-01-15T18:02:57","modified_gmt":"2024-01-15T18:02:57","slug":"cotton-soft-color-005-lino-c19-07","status":"publish","type":"product","link":"https:\/\/lanasurbano.com\/?product=cotton-soft-color-005-lino-c19-07","title":{"rendered":"Cotton Soft &#8211; Color 005 (Lino) C19-07"},"content":{"rendered":"<p><strong>Cotton Soft &#8211; Color 005 (Lino)<\/strong><\/p>\n<p>Composici\u00f3n: 100% algod\u00f3n-cotton antial\u00e9rgico.<br \/>\nPeso: 50 Grs.<br \/>\nMedidas: 180 metros. 197 yds<br \/>\nAgujas a utilizar: \u00a0N\u00ba\u00a0 2,5.<\/p>\n","protected":false},"excerpt":{"rendered":"<p>Cotton Soft &#8211; Color 005 (Lino)<\/p>\n","protected":false},"featured_media":2241,"comment_status":"closed","ping_status":"closed","template":"","meta":[],"product_brand":[],"product_cat":[263],"product_tag":[231,77,288,290,289,76,253,287],"class_list":{"0":"post-2440","1":"product","2":"type-product","3":"status-publish","6":"product_cat-cotton-soft","7":"product_tag-50-grs","8":"product_tag-algodon","9":"product_tag-algodon-soft","10":"product_tag-antialergico","11":"product_tag-cotton","12":"product_tag-hilo","13":"product_tag-suave","14":"product_tag-valeria-di-roma","16":"first","17":"outofstock","18":"taxable","19":"shipping-taxable","20":"purchasable","21":"product-type-simple"},"_links":{"self":[{"href":"https:\/\/lanasurbano.com\/index.php?rest_route=\/wp\/v2\/product\/2440","targetHints":{"allow":["GET"]}}],"collection":[{"href":"https:\/\/lanasurbano.com\/index.php?rest_route=\/wp\/v2\/product"}],"about":[{"href":"https:\/\/lanasurbano.com\/index.php?rest_route=\/wp\/v2\/types\/product"}],"replies":[{"embeddable":true,"href":"https:\/\/lanasurbano.com\/index.php?rest_route=%2Fwp%2Fv2%2Fcomments&post=2440"}],"version-history":[{"count":0,"href":"https:\/\/lanasurbano.com\/index.php?rest_route=\/wp\/v2\/product\/2440\/revisions"}],"wp:featuredmedia":[{"embeddable":true,"href":"https:\/\/lanasurbano.com\/index.php?rest_route=\/wp\/v2\/media\/2241"}],"wp:attachment":[{"href":"https:\/\/lanasurbano.com\/index.php?rest_route=%2Fwp%2Fv2%2Fmedia&parent=2440"}],"wp:term":[{"taxonomy":"product_brand","embeddable":true,"href":"https:\/\/lanasurbano.com\/index.php?rest_route=%2Fwp%2Fv2%2Fproduct_brand&post=2440"},{"taxonomy":"product_cat","embeddable":true,"href":"https:\/\/lanasurbano.com\/index.php?rest_route=%2Fwp%2Fv2%2Fproduct_cat&post=2440"},{"taxonomy":"product_tag","embeddable":true,"href":"https:\/\/lanasurbano.com\/index.php?rest_route=%2Fwp%2Fv2%2Fproduct_tag&post=2440"}],"curies":[{"name":"wp","href":"https:\/\/api.w.org\/{rel}","templated":true}]}}