{"id":2404,"date":"2020-04-27T14:05:05","date_gmt":"2020-04-27T14:05:05","guid":{"rendered":"https:\/\/lanasurbano.com\/?product=algodon-soft-color-325-coral-c19-06-40-41"},"modified":"2020-04-27T14:05:06","modified_gmt":"2020-04-27T14:05:06","slug":"algodon-soft-color-325-coral-c19-06-40-41","status":"publish","type":"product","link":"https:\/\/lanasurbano.com\/?product=algodon-soft-color-325-coral-c19-06-40-41","title":{"rendered":"Algod\u00f3n Soft &#8211; Color 325 (Coral) C19-06-40-41"},"content":{"rendered":"<p><strong>Algod\u00f3n Soft &#8211; Color 325 (Coral)<\/strong><\/p>\n<p>Composici\u00f3n: 100% algod\u00f3n-cotton antial\u00e9rgico.<br \/>\nPeso: 50 Grs.<br \/>\nMedidas: 180 metros. 197 yds<br \/>\nAgujas a utilizar: \u00a0N\u00ba\u00a0 2,5.<\/p>\n","protected":false},"excerpt":{"rendered":"<p>Algod\u00f3n Soft &#8211; Color 325 (Coral)<\/p>\n","protected":false},"featured_media":2275,"comment_status":"closed","ping_status":"open","template":"","meta":[],"product_brand":[],"product_cat":[261],"product_tag":[262],"class_list":{"0":"post-2404","1":"product","2":"type-product","3":"status-publish","6":"product_cat-algodon-soft","7":"product_tag-50-grs-algodon-hilo-lanas-stop-algodon-soft-cotton-suave-antialergico","9":"first","10":"instock","11":"taxable","12":"shipping-taxable","13":"purchasable","14":"product-type-simple"},"_links":{"self":[{"href":"https:\/\/lanasurbano.com\/index.php?rest_route=\/wp\/v2\/product\/2404","targetHints":{"allow":["GET"]}}],"collection":[{"href":"https:\/\/lanasurbano.com\/index.php?rest_route=\/wp\/v2\/product"}],"about":[{"href":"https:\/\/lanasurbano.com\/index.php?rest_route=\/wp\/v2\/types\/product"}],"replies":[{"embeddable":true,"href":"https:\/\/lanasurbano.com\/index.php?rest_route=%2Fwp%2Fv2%2Fcomments&post=2404"}],"version-history":[{"count":0,"href":"https:\/\/lanasurbano.com\/index.php?rest_route=\/wp\/v2\/product\/2404\/revisions"}],"wp:featuredmedia":[{"embeddable":true,"href":"https:\/\/lanasurbano.com\/index.php?rest_route=\/wp\/v2\/media\/2275"}],"wp:attachment":[{"href":"https:\/\/lanasurbano.com\/index.php?rest_route=%2Fwp%2Fv2%2Fmedia&parent=2404"}],"wp:term":[{"taxonomy":"product_brand","embeddable":true,"href":"https:\/\/lanasurbano.com\/index.php?rest_route=%2Fwp%2Fv2%2Fproduct_brand&post=2404"},{"taxonomy":"product_cat","embeddable":true,"href":"https:\/\/lanasurbano.com\/index.php?rest_route=%2Fwp%2Fv2%2Fproduct_cat&post=2404"},{"taxonomy":"product_tag","embeddable":true,"href":"https:\/\/lanasurbano.com\/index.php?rest_route=%2Fwp%2Fv2%2Fproduct_tag&post=2404"}],"curies":[{"name":"wp","href":"https:\/\/api.w.org\/{rel}","templated":true}]}}