{"id":1022,"date":"2020-04-03T10:13:15","date_gmt":"2020-04-03T10:13:15","guid":{"rendered":"https:\/\/lanasurbano.com\/?product=marta-bebe-color-013-rosa-bebe"},"modified":"2020-04-20T14:54:15","modified_gmt":"2020-04-20T14:54:15","slug":"marta-bebe-color-013-rosa-bebe","status":"publish","type":"product","link":"https:\/\/lanasurbano.com\/?product=marta-bebe-color-013-rosa-bebe","title":{"rendered":"Marta Beb\u00e9 &#8211; Color 013 (Rosa Beb\u00e9)"},"content":{"rendered":"<p><strong>Lana Marta Beb\u00e9 &#8211; Color 013 (Rosa Beb\u00e9)<\/strong><\/p>\n<p>Composici\u00f3n: 100% acr\u00edlico.<br \/>\nPeso: 50 Grs.<br \/>\nMedidas: 321 metros. 351 yds.<br \/>\nAgujas a utilizar: \u00a0N\u00ba\u00a0 2 &#8211; 2.5<\/p>\n","protected":false},"excerpt":{"rendered":"<p>Marta Beb\u00e9 &#8211; Color 013 (Rosa Beb\u00e9)<\/p>\n","protected":false},"featured_media":668,"comment_status":"open","ping_status":"open","template":"","meta":[],"product_brand":[],"product_cat":[33,34],"product_tag":[59],"class_list":{"0":"post-1022","1":"product","2":"type-product","3":"status-publish","6":"product_cat-lanas-bebe","7":"product_cat-lana-martabebe","8":"product_tag-50-grs-acrilico-lana-lana-barata-marta-bebe-marta-bebe-lana-bebe-lana-bebe","10":"first","11":"instock","12":"taxable","13":"shipping-taxable","14":"purchasable","15":"product-type-simple"},"_links":{"self":[{"href":"https:\/\/lanasurbano.com\/index.php?rest_route=\/wp\/v2\/product\/1022","targetHints":{"allow":["GET"]}}],"collection":[{"href":"https:\/\/lanasurbano.com\/index.php?rest_route=\/wp\/v2\/product"}],"about":[{"href":"https:\/\/lanasurbano.com\/index.php?rest_route=\/wp\/v2\/types\/product"}],"replies":[{"embeddable":true,"href":"https:\/\/lanasurbano.com\/index.php?rest_route=%2Fwp%2Fv2%2Fcomments&post=1022"}],"version-history":[{"count":0,"href":"https:\/\/lanasurbano.com\/index.php?rest_route=\/wp\/v2\/product\/1022\/revisions"}],"wp:featuredmedia":[{"embeddable":true,"href":"https:\/\/lanasurbano.com\/index.php?rest_route=\/wp\/v2\/media\/668"}],"wp:attachment":[{"href":"https:\/\/lanasurbano.com\/index.php?rest_route=%2Fwp%2Fv2%2Fmedia&parent=1022"}],"wp:term":[{"taxonomy":"product_brand","embeddable":true,"href":"https:\/\/lanasurbano.com\/index.php?rest_route=%2Fwp%2Fv2%2Fproduct_brand&post=1022"},{"taxonomy":"product_cat","embeddable":true,"href":"https:\/\/lanasurbano.com\/index.php?rest_route=%2Fwp%2Fv2%2Fproduct_cat&post=1022"},{"taxonomy":"product_tag","embeddable":true,"href":"https:\/\/lanasurbano.com\/index.php?rest_route=%2Fwp%2Fv2%2Fproduct_tag&post=1022"}],"curies":[{"name":"wp","href":"https:\/\/api.w.org\/{rel}","templated":true}]}}