{"id":3,"date":"2020-03-23T17:27:58","date_gmt":"2020-03-23T17:27:58","guid":{"rendered":"http:\/\/lanasurbano.com\/?page_id=3"},"modified":"2020-04-06T15:04:56","modified_gmt":"2020-04-06T15:04:56","slug":"politica-privacidad","status":"publish","type":"page","link":"https:\/\/lanasurbano.com\/?page_id=3","title":{"rendered":"Pol\u00edtica de privacidad"},"content":{"rendered":"\n<p>Para velar por la seguridad, la garant\u00eda y protecci\u00f3n de los datos personales que nos faciliten nuestros clientes, es conveniente que el cliente lea la Pol\u00edtica de Protecci\u00f3n de Datos aplicable.<\/p>\n\n\n\n<p>De conformidad con la Ley Org\u00e1nica 15\/1999, de 13 de diciembre, de Protecci\u00f3n de Datos de Car\u00e1cter Personal y el Real Decreto 1270\/2007, de 21 de diciembre, por el que se aprueba el Reglamento de desarrollo, JUAN URBANO CORDOB\u00c9S en cuanto que titular de la Web www.lanasurbano.com pone en su conocimiento que los diversos datos solicitados y recabados en dicha Web a trav\u00e9s de los diversos formularios de recogida ser\u00e1n tratados, en todo momento, conforme a la normativa vigente de protecci\u00f3n de datos de car\u00e1cter personal.<\/p>\n\n\n\n<p>JUAN URBANO CORDOB\u00c9S, adoptar\u00e1 las medidas de \u00edndole t\u00e9cnica y organizativas necesarias que garanticen la seguridad de los datos de car\u00e1cter personal y eviten su alteraci\u00f3n, p\u00e9rdida, tratamiento o acceso no autorizado, habida cuenta del estado de la tecnolog\u00eda, la naturaleza de los datos almacenados y los riesgos a que est\u00e1n expuestos.<\/p>\n\n\n\n<p>Los datos de car\u00e1cter personal que vayan a ser recabados por JUAN URBANO CORDOB\u00c9S, ser\u00e1n en todo caso adecuados, pertinentes y no excesivos, en relaci\u00f3n con el \u00e1mbito y las finalidades determinadas y leg\u00edtimas para las que se vayan a obtener. El usuario es responsable de la veracidad y actualizaci\u00f3n de los datos que vaya a facilitar a trav\u00e9s de la presente p\u00e1gina Web. Si el usuario va a facilitar datos de car\u00e1cter personal de terceros a trav\u00e9s de la presente p\u00e1gina Web, deber\u00e1 informar previamente a \u00e9stos, del contenido de la cl\u00e1usula de protecci\u00f3n de datos que sea aplicable para el usuario, as\u00ed como obtener su consentimiento, siempre que fuere preciso.<\/p>\n\n\n\n<p>El Usuario reconoce haber sido informado por JUAN URBANO CORDOB\u00c9S\u00a0y autoriza de forma expresa que sus datos de car\u00e1cter personal sean incorporados en uno o en varios ficheros con datos de car\u00e1cter personal, cuyo responsable es JUAN URBANO CORDOB\u00c9S, con domicilio a efectos de notificaciones en C\/ Alcoy, 5,  14840 Castro del R\u00edo (C\u00f3rdoba) cuando: (I) cumplimente alguno de nuestros formularios en relaci\u00f3n a alguno de nuestros servicios y\/o ofertas, (II) cuando se registre en nuestra tienda online y (III) participe en concursos o sorteos realizados por Lanas Urbano. La recogida y tratamiento automatizado de los datos personales, tendr\u00e1 como finalidad, en cada caso, la de informar, tramitar, gestionar y enviar el pedido; contestar las solicitudes de informaci\u00f3n; el seguimiento de las consultas planteadas por los usuarios, el env\u00edo de informaciones comerciales y de publicidad de productos y servicios de nuestra empresa as\u00ed como la realizaci\u00f3n de estudios de mercado y estad\u00edsticas de nuestro productos<\/p>\n\n\n\n<p>Asimismo el Usuario autoriza a que JUAN URBANO CORDOB\u00c9S\u00a0se comunique a trav\u00e9s de cualquier medio de comunicaci\u00f3n electr\u00f3nica o por correo.<\/p>\n\n\n\n<p>Para el mejor cumplimiento de sus servicios, JUAN URBANO CORDOB\u00c9S, se encuentra obligado a facilitar determinados datos de sus Usuarios a otras empresas que colaboran con la prestaci\u00f3n del servicio (transportistas, entidades financieras, etc.). En todos los casos, los datos que se facilitan son los estrictamente necesarios para la actividad concreta que se vaya a realizar.<\/p>\n\n\n\n<p>Asimismo, el Usuario autoriza a JUAN URBANO CORDOB\u00c9S\u00a0para realizar el tratamiento de los datos personales conjuntamente con una tercera empresa, o para que \u00e9sta contrate o subcontrate dicho servicio, siempre y cuando dicha empresa pueda aportar una plataforma tecnol\u00f3gica adecuada para la prestaci\u00f3n de los servicios y garantice la privacidad y seguridad de la informaci\u00f3n y datos personales.<\/p>\n\n\n\n<p>JUAN URBANO CORDOB\u00c9S\u00a0se compromete a guardar secreto respecto de todos los datos facilitados por los Usuarios con las salvedades dispuestas anteriormente. Sin perjuicio de lo previsto anteriormente, se entiende que constituye un deber elemental del Usuario, esencial para la eficacia de cualquier medida de seguridad, la custodia de sus datos de acceso o contrase\u00f1a. Por ello, el Usuario asume esta obligaci\u00f3n de custodia y se compromete a no desvelar a terceros dichas claves de acceso siendo el Usuario responsable del uso por terceros de la misma.<\/p>\n\n\n\n<p>Los Usuarios podr\u00e1n en todo momento ejercitar los derechos de acceso, rectificaci\u00f3n, cancelaci\u00f3n y, en su caso, renovaci\u00f3n del consentimiento para la cesi\u00f3n de sus datos en los t\u00e9rminos previstos en la referida Ley y dem\u00e1s normas que la desarrollan, escribiendo a nuestra direcci\u00f3n de correo electr\u00f3nico: info@lanasurbano.com o por correo postal a: Lanas Urbano\u00a0C\/ Alcoy, 5 (Pol. La Generala) 14840 Castro del R\u00edo (C\u00f3rdoba) a la Att. Departamento de Cliente. Adem\u00e1s, en cualquier momento, el Usuario puede manifestar su deseo de NO recibir ning\u00fan tipo de publicidad.<\/p>\n","protected":false},"excerpt":{"rendered":"<p>Para velar por la seguridad, la garant\u00eda y protecci\u00f3n de los datos personales que nos faciliten nuestros clientes, es conveniente que el cliente lea la Pol\u00edtica de Protecci\u00f3n de Datos<\/p>\n","protected":false},"author":1,"featured_media":0,"parent":0,"menu_order":0,"comment_status":"closed","ping_status":"open","template":"","meta":{"footnotes":""},"class_list":{"1":"page","2":"type-page","3":"status-publish","4":"hentry"},"_links":{"self":[{"href":"https:\/\/lanasurbano.com\/index.php?rest_route=\/wp\/v2\/pages\/3","targetHints":{"allow":["GET"]}}],"collection":[{"href":"https:\/\/lanasurbano.com\/index.php?rest_route=\/wp\/v2\/pages"}],"about":[{"href":"https:\/\/lanasurbano.com\/index.php?rest_route=\/wp\/v2\/types\/page"}],"author":[{"embeddable":true,"href":"https:\/\/lanasurbano.com\/index.php?rest_route=\/wp\/v2\/users\/1"}],"replies":[{"embeddable":true,"href":"https:\/\/lanasurbano.com\/index.php?rest_route=%2Fwp%2Fv2%2Fcomments&post=3"}],"version-history":[{"count":0,"href":"https:\/\/lanasurbano.com\/index.php?rest_route=\/wp\/v2\/pages\/3\/revisions"}],"wp:attachment":[{"href":"https:\/\/lanasurbano.com\/index.php?rest_route=%2Fwp%2Fv2%2Fmedia&parent=3"}],"curies":[{"name":"wp","href":"https:\/\/api.w.org\/{rel}","templated":true}]}}