{"id":1335,"date":"2020-04-06T15:41:59","date_gmt":"2020-04-06T15:41:59","guid":{"rendered":"https:\/\/lanasurbano.com\/?page_id=1335"},"modified":"2025-04-03T10:52:25","modified_gmt":"2025-04-03T10:52:25","slug":"aviso-legal","status":"publish","type":"page","link":"https:\/\/lanasurbano.com\/?page_id=1335","title":{"rendered":"Aviso Legal"},"content":{"rendered":"\n<p class=\"has-black-color has-text-color has-link-color wp-elements-5e2aebaae21f1709c01166e105776f87\">El titular de este sitio es JUAN URBANO CORDOB\u00c9S (LANAS URBANO)<br><strong>CIF \/ NIF:\u00a0<\/strong>30837942W<br><strong>Direcci\u00f3n:<\/strong><br>C\/ Carpinteros, 10 (Pol. El Arca)<br>14840 &#8211; Castro del R\u00edo (C\u00f3rdoba)<br><strong>Tel\u00e9fono:\u00a0<\/strong>957 370 397<br>Para contactar por e-mail haz click\u00a0<a href=\"https:\/\/lanasurbano.com\/?page_id=406\" data-type=\"link\" data-id=\"https:\/\/lanasurbano.com\/?page_id=406\">aqu\u00ed<\/a>.<\/p>\n\n\n\n<p><strong>AVISO LEGAL<\/strong><\/p>\n\n\n\n<p>Los t\u00e9rminos y condiciones recogidos en el presente Aviso Legal (en adelante, las \u201cNormas\u201d) tienen por finalidad informar, regular el uso y acceso de los usuarios (en adelante, el \u201cUsuario\u201d o los \u201cusuarios\u201d) a todas las p\u00e1ginas web que figuran bajo el dominio www.lanasurbano.com (en adelante, \u201cla p\u00e1gina\u201d). La p\u00e1gina y sus contenidos son propiedad y est\u00e1n gestionados por JUAN URBANO CORDOB\u00c9S (Lanas Urbano).<\/p>\n\n\n\n<p>1. Datos identificativos de&nbsp;JUAN URBANO CORDOB\u00c9S (Lanas Urbano)<\/p>\n\n\n\n<p>1.1. Para cualquier tipo de informaci\u00f3n, duda, consulta o sugerencia, los Usuarios pueden ponerse en contacto con Lanas Urbano a trav\u00e9s de la direcci\u00f3n de correo electr\u00f3nico info@lanasurbano.com o en el tel\u00e9fono de atenci\u00f3n al cliente 957 370 397 y, previa cita, en la direcci\u00f3n C\/ Alcoy, 5 14840 Castro del R\u00edo (C\u00f3rdoba).<\/p>\n\n\n\n<p>2. Uso de la p\u00e1gina.<\/p>\n\n\n\n<p>2.1. El acceso y navegaci\u00f3n por la p\u00e1gina implica que el Usuario acepta plenamente y sin reservas todas y cada una de la Normas en la versi\u00f3n publicada por Lanas Urbano en el momento mismo en que el Usuario acceda a la p\u00e1gina. Por esto, el Usuario deber\u00e1 ser consciente de la importancia de consultar las Normas cada vez que acceda a la p\u00e1gina.<\/p>\n\n\n\n<p>2.2. El Usuario se compromete utilizar la p\u00e1gina y aquellos servicios puestos a su disposici\u00f3n a trav\u00e9s de la misma, de manera acorde a la Ley, moral, buenas costumbres, y orden p\u00fablico, as\u00ed eso con lo dispuesto en las presentes Normas.<\/p>\n\n\n\n<p>2.3. Lanas Urbano&nbsp;podr\u00e1, para mayor agilidad en el funcionamiento de la p\u00e1gina y en beneficio de los Usuarios, modificar unilateralmente, en cualquier momento y sin previo aviso, el contenido y los servicios prestados o cualquier aspecto de la p\u00e1gina. Del mismo modo, &nbsp;se reserva el derecho de modificar unilateralmente y sin preaviso, cualquiera de los t\u00e9rminos y condiciones de las Normas, en los t\u00e9rminos y condiciones que estime conveniente y producir\u00e1n efectos desde el mismo momento de su publicaci\u00f3n. Estas modificaciones podr\u00e1n ser comunicadas personalmente a los Usuarios registrados. podr\u00e1, para mayor agilidad en el funcionamiento de la p\u00e1gina y en beneficio de los Usuarios, modificar unilateralmente, en cualquier momento y sin previo aviso, el contenido y los servicios prestados o cualquier aspecto de la p\u00e1gina. Del mismo modo,&nbsp;Lanas Urbano se reserva el derecho de modificar unilateralmente y sin preaviso, cualquiera de los t\u00e9rminos y condiciones de las Normas, en los t\u00e9rminos y condiciones que estime conveniente y producir\u00e1n efectos desde el mismo momento de su publicaci\u00f3n. Estas modificaciones podr\u00e1n ser comunicadas personalmente a los Usuarios registrados.<\/p>\n\n\n\n<p>2.4. Los Usuarios deber\u00e1n observar cualquier instrucci\u00f3n que, a trav\u00e9s de e-mail o de la p\u00e1gina, Lanas Urbano&nbsp;o su personal, debidamente autorizado, imparta.<\/p>\n\n\n\n<p>3. Protecci\u00f3n de los datos personales de los Usuarios por parte de JUAN URBANO CORDOB\u00c9S (Lanas Urbano).<\/p>\n\n\n\n<p>3.1. Lanas Urbano informa que los datos que los Usuarios faciliten a trav\u00e9s de la p\u00e1gina, ser\u00e1n incorporados a ficheros titularidad de Lanas Urbano, consintiendo expresamente a su recogida y tratamiento, que tiene por finalidad mantener relaciones comerciales, recibir informaci\u00f3n y publicidad de productos y servicios de Lanas Urbano, bien por v\u00edas tradicionales y electr\u00f3nicas.<\/p>\n\n\n\n<p>3.2. El titular de los datos tendr\u00e1 en todo momento el derecho de acceder al fichero, pudiendo ejercitar los derechos de rectificaci\u00f3n, cancelaci\u00f3n y oposici\u00f3n en los t\u00e9rminos recogidos en la legislaci\u00f3n de protecci\u00f3n de datos. Del mismo modo, el consentimiento del Usuario para el tratamiento y cesi\u00f3n de sus datos personales ser\u00e1 revocable en todo momento. A tales fines, bastar\u00e1 con contactar con Lanas Urbano, a trav\u00e9s del correo electr\u00f3nico info@lanasurbano.com o por correo postal a la Att. Departamento de Cliente en la direcci\u00f3n C\/ Alcoy, 5 14840 Castro del R\u00edo (C\u00f3rdoba).<\/p>\n\n\n\n<p>3.3. Lanas Urbano que ha adoptado las medidas oportunas de seguridad en sus instalaciones, sistemas y ficheros. Asimismo, Lanas Urbano garantiza la confidencialidad de los Datos Personales, aunque revelar\u00e1 a las autoridades p\u00fablicas competentes los Datos Personales y cualquier otra informaci\u00f3n que est\u00e9 en su poder o sea accesible a trav\u00e9s de sus sistemas y sea requerida de conformidad con las disposiciones legales y reglamentarias aplicables al caso.<\/p>\n\n\n\n<p>3.4. Les rogamos se lean nuestro apartado espec\u00edfico relativo a la Pol\u00edtica de Protecci\u00f3n de Datos y Privacidad que figura en la p\u00e1gina www.lanasurbano.com, as\u00ed como en cada secci\u00f3n donde el Usuario deba introducir datos personales.&nbsp;<\/p>\n\n\n\n<p>4. Propiedad Intelectual y Derechos de Autor.<\/p>\n\n\n\n<p>4.1. Toda la informaci\u00f3n contenida en la p\u00e1gina, incluido su dise\u00f1o gr\u00e1fico es propiedad de Lanas Urbano. &nbsp;Los Usuarios que accedan a esta p\u00e1gina pueden visualizar la informaci\u00f3n contenida en el mismo y efectuar descargar o reproducciones privadas en su sistema inform\u00e1tico, siempre que los elementos reproducidos no sean cedidos posteriormente a terceros o se instalen en un servidor conectado a Internet o a una red local. No se permite, sin perjuicio de lo recogido las presentes Normas, la distribuci\u00f3n, modificaci\u00f3n, cesi\u00f3n, comunicaci\u00f3n p\u00fablica, reproducciones ni cualquier otro acto de parte o la totalidad de la informaci\u00f3n publicada en la p\u00e1gina, sin autorizaci\u00f3n previa de Lanas Urbano.&nbsp;<\/p>\n\n\n\n<p>4.2. El Usuario, deber\u00e1 utilizar los contenidos e informaciones recogidos en la pagina, de forma diligente, correcta y l\u00edcita, y en concreto, \u00fanicamente para uso personal y no comercial. Cualquier reproducci\u00f3n o copia, distribuci\u00f3n o publicaci\u00f3n, de cualquier clase, del contenido de la informaci\u00f3n publicada en la pagina sin autorizaci\u00f3n previa y por escrito de Lanas Urbano&nbsp;queda prohibido. La autorizaci\u00f3n para la reproducci\u00f3n puede solicitarse a la direcci\u00f3n de correo electr\u00f3nico info@lanasurbano.com.<\/p>\n\n\n\n<p>4.3. En caso de que cualquier Usuario o tercero considere que cualquiera de los contenidos existentes en la pagina ha sido introducido en la misma con violaci\u00f3n de derechos de autor u otros derechos de protecci\u00f3n de la propiedad intelectual, rogamos comunique a Lanas Urbano&nbsp;dicha circunstancia, remitiendo notificaci\u00f3n a la direcci\u00f3n de correo electr\u00f3nico info@lanasurbano.com, que incluya, al menos, los siguientes extremos:<\/p>\n\n\n\n<p>a) Nombre, direcci\u00f3n, n\u00famero de tel\u00e9fono y direcci\u00f3n de e-mail del reclamante.<\/p>\n\n\n\n<p>b) Datos del titular de los derechos de autor u otros derechos de protecci\u00f3n de la propiedad intelectual que pudiesen haber sido infringidos.<\/p>\n\n\n\n<p>c) Indicaci\u00f3n de los contenidos infringidos y ubicaci\u00f3n en la p\u00e1gina<\/p>\n\n\n\n<p>d) Declaraci\u00f3n de que la introducci\u00f3n de los contenidos ha sido introducida sin autorizaci\u00f3n expresa del titular de los derechos de autor u otros derechos de propiedad intelectual. Sin perjuicio de lo se\u00f1alado en los p\u00e1rrafos precedentes, info@lanasurbano.com se reserva el derecho de defenderse contra reclamaciones fundadas en normativa vigente sobre publicidad y de derechos de autor u otros derechos protectores de la propiedad intelectual.&nbsp;<\/p>\n\n\n\n<p>5. Hiperlinks.<\/p>\n\n\n\n<p>5.1. En el caso de que en la pagina se refieran mediante enlaces a publicidad o a p\u00e1ginas Web de terceros, Lanas Urbano&nbsp;no se obliga a controlar y no controla con car\u00e1cter previo, aprueba ni hace propios los servicios, contenidos, datos, archivos, productos y cualquier clase de material existente en la p\u00e1gina o p\u00e1ginas web de terceros, por lo que Lanas Urbano&nbsp;no responder\u00e1, bajo ninguna circunstancia, de la legalidad de los contenidos de dicha\/s p\u00e1gina\/s, siendo responsabilidad exclusiva del tercero, a t\u00edtulo enunciativo y no limitativo, el respeto de la legalidad, moral, buenas costumbres y orden p\u00fablico, de los contenidos, as\u00ed eso que aquellos no lesionen derechos cualesquiera de terceros. La existencia de un hiperlink no presupone relaci\u00f3n de ninguna clase entre Lanas Urbano&nbsp;y el propietario de la p\u00e1gina web en que el mismo se establezca.<\/p>\n\n\n\n<p>5.2. Aquellos Usuarios o terceras personas que pretendan establecer un hiperlink con la p\u00e1gina, deber\u00e1n garantizar que el hiperlink s\u00f3lo permite el acceso a las p\u00e1ginas o servicios de la p\u00e1gina, pero no realiza, de forma enunciativa pero no limitativa, reproducci\u00f3n de contenidos, deep-links, browsers, manifestaciones inexactas o incorrectas, sobre los contenidos o la p\u00e1gina. Salvo aquellos signos que formen parte del hiperlink, el Usuario garantizar\u00e1 que la p\u00e1gina web en la que se establezca el hiperlink no contendr\u00e1 marcas, nombres comerciales, r\u00f3tulos de establecimientos, denominaciones, logotipos, esl\u00f3ganes o cualquier tipo de signo distintivo perteneciente a Lanas Urbano.&nbsp;<\/p>\n\n\n\n<p>6. Exclusi\u00f3n de garant\u00edas y de responsabilidad.<\/p>\n\n\n\n<p>6.1. Lanas Urbano&nbsp;no garantiza la fiabilidad, disponibilidad, o continuidad del funcionamiento de su p\u00e1gina ni de los servicios puestos a disposici\u00f3n del usuario, por lo que se excluye cualquier responsabilidad por los da\u00f1os y\/o perjuicios de toda naturaleza que puedan deberse a la falta de disponibilidad, fiabilidad o continuidad de su p\u00e1gina o de sus servicios, aunque intentar\u00e1 facilitar, en la medida de sus posibilidades, ayuda t\u00e9cnica a la persona afectada.<\/p>\n\n\n\n<p>6.2. Con los l\u00edmites establecidos por la Ley, Lanas Urbano&nbsp;no puede asumir ni asume ninguna reclamaci\u00f3n derivada de la falta de veracidad, integridad y\/o actualizaci\u00f3n de los contenidos e informaci\u00f3n de cualquier clase recogidos en la p\u00e1gina.<\/p>\n\n\n\n<p>6.3. Lanas Urbano&nbsp;no se obliga a controlar y no controla con car\u00e1cter previo, la ausencia de virus o elementos en los contenidos, que puedan producir alteraciones en el software o hardware de los usuarios o personas que visiten la p\u00e1gina, por lo que no responder\u00e1 de los da\u00f1os o perjuicios de cualquier naturaleza que pudieran derivarse de los mismos.<\/p>\n\n\n\n<p>6.4. El usuario responder\u00e1 de los da\u00f1os y\/o perjuicios de cualquier naturaleza que Lanas Urbano&nbsp;pudiera sufrir como consecuencia del incumplimiento por parte del usuario de la ley o de cualquiera de las normas recogidas en el presente Aviso Legal.&nbsp;<\/p>\n\n\n\n<p>7. Salvaguarda de las Normas.<\/p>\n\n\n\n<p>Si alg\u00fan t\u00e9rmino y condici\u00f3n de las presentes Normas fuera declarado nulo o inoperante, el resto de las disposiciones se mantendr\u00e1n en los t\u00e9rminos acordados. Lanas Urbano&nbsp;se compromete a sustituir la estipulaci\u00f3n afectada por la nulidad aproxim\u00e1ndose lo m\u00e1s posible a la intenci\u00f3n inicialmente perseguida.<\/p>\n\n\n\n<p>8. Ley aplicable y Jurisdicci\u00f3n competente.<\/p>\n\n\n\n<p>Estas Normas se rigen por la Ley Espa\u00f1ola. Lanas Urbano y los Usuarios, para la resoluci\u00f3n de cualquier controversia que pudiera surgir, con respecto a su validez, ejecuci\u00f3n, cumplimiento o resoluci\u00f3n, total o parcial, se someten, con renuncia expresa a su fuero propio o a cualquier otro que, en su caso, pudiera corresponderles, a la competencia de los Juzgados y Tribunales de C\u00f3rdoba (Espa\u00f1a).&nbsp;<\/p>\n","protected":false},"excerpt":{"rendered":"<p>El titular de este sitio es JUAN URBANO CORDOB\u00c9S (LANAS URBANO)CIF \/ NIF:\u00a030837942WDirecci\u00f3n:C\/ Carpinteros, 10 (Pol. El Arca)14840 &#8211; Castro del R\u00edo (C\u00f3rdoba)Tel\u00e9fono:\u00a0957 370 397Para contactar por e-mail haz click\u00a0aqu\u00ed.<\/p>\n","protected":false},"author":1,"featured_media":0,"parent":0,"menu_order":0,"comment_status":"closed","ping_status":"closed","template":"elementor_theme","meta":{"footnotes":""},"class_list":{"1":"page","2":"type-page","3":"status-publish","4":"hentry"},"_links":{"self":[{"href":"https:\/\/lanasurbano.com\/index.php?rest_route=\/wp\/v2\/pages\/1335","targetHints":{"allow":["GET"]}}],"collection":[{"href":"https:\/\/lanasurbano.com\/index.php?rest_route=\/wp\/v2\/pages"}],"about":[{"href":"https:\/\/lanasurbano.com\/index.php?rest_route=\/wp\/v2\/types\/page"}],"author":[{"embeddable":true,"href":"https:\/\/lanasurbano.com\/index.php?rest_route=\/wp\/v2\/users\/1"}],"replies":[{"embeddable":true,"href":"https:\/\/lanasurbano.com\/index.php?rest_route=%2Fwp%2Fv2%2Fcomments&post=1335"}],"version-history":[{"count":4,"href":"https:\/\/lanasurbano.com\/index.php?rest_route=\/wp\/v2\/pages\/1335\/revisions"}],"predecessor-version":[{"id":9628,"href":"https:\/\/lanasurbano.com\/index.php?rest_route=\/wp\/v2\/pages\/1335\/revisions\/9628"}],"wp:attachment":[{"href":"https:\/\/lanasurbano.com\/index.php?rest_route=%2Fwp%2Fv2%2Fmedia&parent=1335"}],"curies":[{"name":"wp","href":"https:\/\/api.w.org\/{rel}","templated":true}]}}